{"id":681,"date":"2020-06-03T17:47:16","date_gmt":"2020-06-03T15:47:16","guid":{"rendered":"https:\/\/www.bio-logical-it.com\/about-us\/references\/"},"modified":"2021-07-26T15:19:38","modified_gmt":"2021-07-26T13:19:38","slug":"references","status":"publish","type":"page","link":"https:\/\/www.bio-logical-it.com\/en\/references\/","title":{"rendered":"References"},"content":{"rendered":"\n<h1>\n\t\tReferenzen\n\t<\/h1>\n<h4>\n\t\tIT-Projekte seit 20 Jahren mit internationalen Herausforderungen &#8230;. und nach und nach &#8230;. immer mehr BIO!\n\t<\/h4>\n\t\t\t\t<a href=\"https:\/\/www.bikebasics.de\" target=\"_blank\" rel=\"noopener\" itemprop=\"url\">\n\t\t\t\t<img loading=\"lazy\" decoding=\"async\" src=\"https:\/\/www.bio-logical-it.com\/wp-content\/uploads\/2020\/06\/bikeBasics_logo-200x150.png\" alt=\"bikeBasics_logo\" itemprop=\"image\" height=\"150\" width=\"200\" title=\"bikeBasics_logo\" onerror=\"this.style.display='none'\"  \/>\n\t\t\t\t<\/a>\n\t\n<h3>Bike Basics GmbH<\/h3>\n<p>Full-Service BIO LOGICAL IT Betreuung f\u00fcr die unangefochtene Nummer 1 mit Reise- und Trekkingr\u00e4dern.<\/p>\n\t\t\t\t<a href=\"https:\/\/www.idworx-bikes.de\" target=\"_blank\" rel=\"noopener\" itemprop=\"url\">\n\t\t\t\t<img loading=\"lazy\" decoding=\"async\" src=\"https:\/\/www.bio-logical-it.com\/wp-content\/uploads\/2020\/06\/idworx_logo-200x150.png\" alt=\"idworx_logo\" itemprop=\"image\" height=\"150\" width=\"200\" title=\"idworx_logo\" onerror=\"this.style.display='none'\"  \/>\n\t\t\t\t<\/a>\n\t\n<h3><a href=\"https:\/\/www.idworx-bikes.de\" target=\"_blank\" rel=\"noopener\">www.idworx-bikes.de<\/a><\/h3>\n<p>Entwicklung einer Plattform f\u00fcr einen komplexen Produkt-Konfigurator mit Web-Shop und Bezahlm\u00f6glichkeit auf Basis der Prinzipien BIO LOGICAL IT<\/p>\n<p>&nbsp;<\/p>\n\t\t\t\t<a href=\"https:\/\/www.bio-logical-it.com\/en\/about-us\/drop-by-fridays\/\" target=\"_blank\" rel=\"noopener\" itemprop=\"url\">\n\t\t\t\t<img loading=\"lazy\" decoding=\"async\" src=\"https:\/\/www.bio-logical-it.com\/wp-content\/uploads\/2020\/09\/BIO_house_shield-1-200x150.png\" alt=\"BIO_house_shield\" itemprop=\"image\" height=\"150\" width=\"200\" title=\"BIO_house_shield\" onerror=\"this.style.display='none'\"  \/>\n\t\t\t\t<\/a>\n\t\n<h3>BIO LOGICAL IT Haus<\/h3>\n\n\t\t\t\t<a href=\"https:\/\/www.marpinion.de\" target=\"_blank\" rel=\"noopener\" itemprop=\"url\">\n\t\t\t\t<img loading=\"lazy\" decoding=\"async\" src=\"https:\/\/www.bio-logical-it.com\/wp-content\/uploads\/2020\/06\/marpinion_logo-200x150.png\" alt=\"marpinion_logo\" itemprop=\"image\" height=\"150\" width=\"200\" title=\"marpinion_logo\" onerror=\"this.style.display='none'\"  \/>\n\t\t\t\t<\/a>\n\t\n<h3>Marpinion GmbH<\/h3>\n<p>Einrichtung der Netzwerke, Strukturen, Internet Sicherheit und Video- Conferencing auf Basis der Prinzipien BIO LOGICAL IT<\/p>\n\t\t\t\t<a href=\"https:\/\/www.datev.de\" target=\"_blank\" rel=\"noopener\" itemprop=\"url\">\n\t\t\t\t<img loading=\"lazy\" decoding=\"async\" src=\"https:\/\/www.bio-logical-it.com\/wp-content\/uploads\/2020\/06\/datev_logo-200x150.png\" alt=\"datev_logo\" itemprop=\"image\" height=\"150\" width=\"200\" title=\"datev_logo\" onerror=\"this.style.display='none'\"  \/>\n\t\t\t\t<\/a>\n\t\n<h3>DATEV eg<\/h3>\n<p>Einrichtungen von Open-Source-VPN-Tunnel im DATEV Datenzentrum als virtuelle Maschinen<\/p>\n<p>&nbsp;<\/p>\n\t\t\t\t<a href=\"https:\/\/www.luwa.com\" target=\"_blank\" rel=\"noopener\" itemprop=\"url\">\n\t\t\t\t<img loading=\"lazy\" decoding=\"async\" src=\"https:\/\/www.bio-logical-it.com\/wp-content\/uploads\/2020\/06\/luwa_nederman_logo-200x150.png\" alt=\"luwa_nederman_logo\" itemprop=\"image\" height=\"150\" width=\"200\" title=\"luwa_nederman_logo\" onerror=\"this.style.display='none'\"  \/>\n\t\t\t\t<\/a>\n\t\n<h3>Luwa Nederman AB<\/h3>\n<p>BIO-IoT-Architektur, Design und Prototypen zur Anbindung industrieller Anlagen f\u00fcr weltweite Kunden<\/p>\n\t\t\t\t<a href=\"https:\/\/www.apple.com\" target=\"_blank\" rel=\"noopener\" itemprop=\"url\">\n\t\t\t\t<img loading=\"lazy\" decoding=\"async\" src=\"https:\/\/www.bio-logical-it.com\/wp-content\/uploads\/2020\/06\/apple_logo-200x150.png\" alt=\"apple_logo\" itemprop=\"image\" height=\"150\" width=\"200\" title=\"apple_logo\" onerror=\"this.style.display='none'\"  \/>\n\t\t\t\t<\/a>\n\t\n<h3>Apple Inc.<\/h3>\n<p>Entwicklung von Music- und App-Store Plattformen zur Optimierung der Finanz-Datenbank-Verbindungen<\/p>\n\t\t\t\t<a href=\"https:\/\/dsaa.org\" target=\"_blank\" rel=\"noopener\" itemprop=\"url\">\n\t\t\t\t<img loading=\"lazy\" decoding=\"async\" src=\"https:\/\/www.bio-logical-it.com\/wp-content\/uploads\/2020\/06\/DSAA_logo-200x150.png\" alt=\"DSAA_logo\" itemprop=\"image\" height=\"150\" width=\"200\" title=\"DSAA_logo\" onerror=\"this.style.display='none'\"  \/>\n\t\t\t\t<\/a>\n\t\n<h3>DSAA, Inc.<\/h3>\n<p>Entwicklung &amp; Hosting webbasierter ERP + CRM- Plattformen f\u00fcr Planung, Rechnungswesen und Reporting<\/p>\n<p>&nbsp;<\/p>\n\t\t\t\t<a href=\"https:\/\/adams-wong.com\" target=\"_blank\" rel=\"noopener\" itemprop=\"url\">\n\t\t\t\t<img loading=\"lazy\" decoding=\"async\" src=\"https:\/\/www.bio-logical-it.com\/wp-content\/uploads\/2020\/06\/adams_wong_logo-200x150.png\" alt=\"adams_wong_logo\" itemprop=\"image\" height=\"150\" width=\"200\" title=\"adams_wong_logo\" onerror=\"this.style.display='none'\"  \/>\n\t\t\t\t<\/a>\n\t\n<h3>Adams &amp; Wong LLP<\/h3>\n<p>Entwicklung &amp; Hosting webbasierter Plattformen zur Zeit-, Kosten- und Rechnungserfassung<\/p>\n\t\t\t\t<a href=\"https:\/\/www.aol.com\" target=\"_blank\" rel=\"noopener\" itemprop=\"url\">\n\t\t\t\t<img loading=\"lazy\" decoding=\"async\" src=\"https:\/\/www.bio-logical-it.com\/wp-content\/uploads\/2020\/06\/aol_logo-200x150.png\" alt=\"aol_logo\" itemprop=\"image\" height=\"150\" width=\"200\" title=\"aol_logo\" onerror=\"this.style.display='none'\"  \/>\n\t\t\t\t<\/a>\n\t\n<h3>AOL Inc.<\/h3>\n<p>Entwicklung von Webanwendungen f\u00fcr Finanzsysteme inklusive webbasiertes PDF-Berichtswesen<\/p>\n\t\t\t\t<a href=\"https:\/\/www.rbcroyalbank.com\/personal.html\" target=\"_blank\" rel=\"noopener\" itemprop=\"url\">\n\t\t\t\t<img loading=\"lazy\" decoding=\"async\" src=\"https:\/\/www.bio-logical-it.com\/wp-content\/uploads\/2020\/06\/RBC_logo-200x150.png\" alt=\"RBC_logo\" itemprop=\"image\" height=\"150\" width=\"200\" title=\"RBC_logo\" onerror=\"this.style.display='none'\"  \/>\n\t\t\t\t<\/a>\n\t\n<h3>Royal Bank of Canada<\/h3>\n<p>Plattform-Entwicklung f\u00fcr Finanzberater zur finanziellen Planung und Portfolio-Verwaltung<\/p>\n<p>&nbsp;<\/p>\n\t\t\t\t<a href=\"https:\/\/www.bcfsa.ca\/\" target=\"_blank\" rel=\"noopener\" itemprop=\"url\">\n\t\t\t\t<img loading=\"lazy\" decoding=\"async\" src=\"https:\/\/www.bio-logical-it.com\/wp-content\/uploads\/2020\/06\/bc_credit_unions-200x150.gif\" alt=\"bc_credit_unions\" itemprop=\"image\" height=\"150\" width=\"200\" title=\"bc_credit_unions\" onerror=\"this.style.display='none'\"  \/>\n\t\t\t\t<\/a>\n\t\n<h3><strong>BC Credit Unions<\/strong><\/h3>\n<p>Entwicklung von Webanwendungen f\u00fcr Kontoausz\u00fcge, inklusive webbasiertes PDF-Berichtswesen<\/p>\n\t\t\t\t<a href=\"https:\/\/www.bdo.ca\" target=\"_blank\" rel=\"noopener\" itemprop=\"url\">\n\t\t\t\t<img loading=\"lazy\" decoding=\"async\" src=\"https:\/\/www.bio-logical-it.com\/wp-content\/uploads\/2020\/06\/BDO_logo-200x150.png\" alt=\"BDO_logo\" itemprop=\"image\" height=\"150\" width=\"200\" title=\"BDO_logo\" onerror=\"this.style.display='none'\"  \/>\n\t\t\t\t<\/a>\n\t\n<h3>BDO Canada LLP<\/h3>\n<p>Plattform-Entwicklung f\u00fcr Finanzberater zur Finanzplanung und Portfolio-Verwaltung<\/p>\n<p>&nbsp;<\/p>\n\t\t\t\t<a href=\"http:\/\/de.pluspedia.org\/wiki\/Planetactive\" target=\"_blank\" rel=\"noopener\" itemprop=\"url\">\n\t\t\t\t<img loading=\"lazy\" decoding=\"async\" src=\"https:\/\/www.bio-logical-it.com\/wp-content\/uploads\/2020\/06\/ogilvy_logo-200x150.png\" alt=\"ogilvy_logo\" itemprop=\"image\" height=\"150\" width=\"200\" title=\"ogilvy_logo\" onerror=\"this.style.display='none'\"  \/>\n\t\t\t\t<\/a>\n\t\n<h3>Planetactive \/ Ogilvy<\/h3>\n<p>Erstellung einer webbasierten Online-Marketing-Plattform mit Messbarkeit und Transparenz<\/p>\n<p>&nbsp;<\/p>\n\t\t\t\t<a href=\"https:\/\/www.leggmason.com\/en-us.html\" target=\"_blank\" rel=\"noopener\" itemprop=\"url\">\n\t\t\t\t<img loading=\"lazy\" decoding=\"async\" src=\"https:\/\/www.bio-logical-it.com\/wp-content\/uploads\/2020\/06\/legg_mason_logo-200x150.png\" alt=\"legg_mason_logo\" itemprop=\"image\" height=\"150\" width=\"200\" title=\"legg_mason_logo\" onerror=\"this.style.display='none'\"  \/>\n\t\t\t\t<\/a>\n\t\n<h3>Legg Mason, Inc.<\/h3>\n<p>Entwicklung von Webanwendungen f\u00fcr Finanzsysteme, inklusive webbasiertes PDF-Berichtswesen<\/p>\n<p>&nbsp;<\/p>\n\n","protected":false},"excerpt":{"rendered":"<p>Referenzen IT-Projekte seit 20 Jahren mit internationalen Herausforderungen &#8230;. und nach und nach &#8230;. immer mehr BIO! Bike Basics GmbH Full-Service BIO LOGICAL IT Betreuung f\u00fcr die unangefochtene Nummer 1 mit Reise- und Trekkingr\u00e4dern. www.idworx-bikes.de Entwicklung einer Plattform f\u00fcr einen komplexen Produkt-Konfigurator mit Web-Shop und Bezahlm\u00f6glichkeit auf Basis der Prinzipien BIO LOGICAL IT &nbsp; BIO&hellip;<\/p>\n","protected":false},"author":1,"featured_media":0,"parent":0,"menu_order":0,"comment_status":"closed","ping_status":"closed","template":"","meta":{"footnotes":""},"class_list":["post-681","page","type-page","status-publish","hentry"],"yoast_head":"<!-- This site is optimized with the Yoast SEO plugin v27.4 - https:\/\/yoast.com\/product\/yoast-seo-wordpress\/ -->\n<title>References - Sustainable and Green IT with BIO LOGICAL IT<\/title>\n<meta name=\"robots\" content=\"index, follow, max-snippet:-1, max-image-preview:large, max-video-preview:-1\" \/>\n<link rel=\"canonical\" href=\"https:\/\/www.bio-logical-it.com\/en\/references\/\" \/>\n<meta property=\"og:locale\" content=\"en_US\" \/>\n<meta property=\"og:type\" content=\"article\" \/>\n<meta property=\"og:title\" content=\"References - Sustainable and Green IT with BIO LOGICAL IT\" \/>\n<meta property=\"og:description\" content=\"Referenzen IT-Projekte seit 20 Jahren mit internationalen Herausforderungen &#8230;. und nach und nach &#8230;. immer mehr BIO! Bike Basics GmbH Full-Service BIO LOGICAL IT Betreuung f\u00fcr die unangefochtene Nummer 1 mit Reise- und Trekkingr\u00e4dern. www.idworx-bikes.de Entwicklung einer Plattform f\u00fcr einen komplexen Produkt-Konfigurator mit Web-Shop und Bezahlm\u00f6glichkeit auf Basis der Prinzipien BIO LOGICAL IT &nbsp; BIO&hellip;\" \/>\n<meta property=\"og:url\" content=\"https:\/\/www.bio-logical-it.com\/en\/references\/\" \/>\n<meta property=\"og:site_name\" content=\"Sustainable and Green IT with BIO LOGICAL IT\" \/>\n<meta property=\"article:modified_time\" content=\"2021-07-26T13:19:38+00:00\" \/>\n<meta property=\"og:image\" content=\"https:\/\/www.bio-logical-it.com\/wp-content\/uploads\/2020\/06\/bikeBasics_logo-200x150.png\" \/>\n<meta name=\"twitter:card\" content=\"summary_large_image\" \/>\n<meta name=\"twitter:label1\" content=\"Est. reading time\" \/>\n\t<meta name=\"twitter:data1\" content=\"1 minute\" \/>\n<script type=\"application\/ld+json\" class=\"yoast-schema-graph\">{\"@context\":\"https:\\\/\\\/schema.org\",\"@graph\":[{\"@type\":\"WebPage\",\"@id\":\"https:\\\/\\\/www.bio-logical-it.com\\\/en\\\/references\\\/\",\"url\":\"https:\\\/\\\/www.bio-logical-it.com\\\/en\\\/references\\\/\",\"name\":\"References - Sustainable and Green IT with BIO LOGICAL IT\",\"isPartOf\":{\"@id\":\"https:\\\/\\\/www.bio-logical-it.com\\\/en\\\/#website\"},\"primaryImageOfPage\":{\"@id\":\"https:\\\/\\\/www.bio-logical-it.com\\\/en\\\/references\\\/#primaryimage\"},\"image\":{\"@id\":\"https:\\\/\\\/www.bio-logical-it.com\\\/en\\\/references\\\/#primaryimage\"},\"thumbnailUrl\":\"https:\\\/\\\/www.bio-logical-it.com\\\/wp-content\\\/uploads\\\/2020\\\/06\\\/bikeBasics_logo-200x150.png\",\"datePublished\":\"2020-06-03T15:47:16+00:00\",\"dateModified\":\"2021-07-26T13:19:38+00:00\",\"breadcrumb\":{\"@id\":\"https:\\\/\\\/www.bio-logical-it.com\\\/en\\\/references\\\/#breadcrumb\"},\"inLanguage\":\"en-US\",\"potentialAction\":[{\"@type\":\"ReadAction\",\"target\":[\"https:\\\/\\\/www.bio-logical-it.com\\\/en\\\/references\\\/\"]}]},{\"@type\":\"ImageObject\",\"inLanguage\":\"en-US\",\"@id\":\"https:\\\/\\\/www.bio-logical-it.com\\\/en\\\/references\\\/#primaryimage\",\"url\":\"https:\\\/\\\/www.bio-logical-it.com\\\/wp-content\\\/uploads\\\/2020\\\/06\\\/bikeBasics_logo-200x150.png\",\"contentUrl\":\"https:\\\/\\\/www.bio-logical-it.com\\\/wp-content\\\/uploads\\\/2020\\\/06\\\/bikeBasics_logo-200x150.png\"},{\"@type\":\"BreadcrumbList\",\"@id\":\"https:\\\/\\\/www.bio-logical-it.com\\\/en\\\/references\\\/#breadcrumb\",\"itemListElement\":[{\"@type\":\"ListItem\",\"position\":1,\"name\":\"Start\",\"item\":\"https:\\\/\\\/www.bio-logical-it.com\\\/en\\\/homepage\\\/\"},{\"@type\":\"ListItem\",\"position\":2,\"name\":\"References\"}]},{\"@type\":\"WebSite\",\"@id\":\"https:\\\/\\\/www.bio-logical-it.com\\\/en\\\/#website\",\"url\":\"https:\\\/\\\/www.bio-logical-it.com\\\/en\\\/\",\"name\":\"Sustainable and Green IT with BIO LOGICAL IT\",\"description\":\"Sustainable and Green IT with BIO LOGICAL IT\",\"publisher\":{\"@id\":\"https:\\\/\\\/www.bio-logical-it.com\\\/en\\\/#organization\"},\"potentialAction\":[{\"@type\":\"SearchAction\",\"target\":{\"@type\":\"EntryPoint\",\"urlTemplate\":\"https:\\\/\\\/www.bio-logical-it.com\\\/en\\\/?s={search_term_string}\"},\"query-input\":{\"@type\":\"PropertyValueSpecification\",\"valueRequired\":true,\"valueName\":\"search_term_string\"}}],\"inLanguage\":\"en-US\"},{\"@type\":\"Organization\",\"@id\":\"https:\\\/\\\/www.bio-logical-it.com\\\/en\\\/#organization\",\"name\":\"Gaastra GmbH\",\"url\":\"https:\\\/\\\/www.bio-logical-it.com\\\/en\\\/\",\"logo\":{\"@type\":\"ImageObject\",\"inLanguage\":\"en-US\",\"@id\":\"https:\\\/\\\/www.bio-logical-it.com\\\/en\\\/#\\\/schema\\\/logo\\\/image\\\/\",\"url\":\"\",\"contentUrl\":\"\",\"caption\":\"Gaastra GmbH\"},\"image\":{\"@id\":\"https:\\\/\\\/www.bio-logical-it.com\\\/en\\\/#\\\/schema\\\/logo\\\/image\\\/\"}}]}<\/script>\n<!-- \/ Yoast SEO plugin. -->","yoast_head_json":{"title":"References - Sustainable and Green IT with BIO LOGICAL IT","robots":{"index":"index","follow":"follow","max-snippet":"max-snippet:-1","max-image-preview":"max-image-preview:large","max-video-preview":"max-video-preview:-1"},"canonical":"https:\/\/www.bio-logical-it.com\/en\/references\/","og_locale":"en_US","og_type":"article","og_title":"References - Sustainable and Green IT with BIO LOGICAL IT","og_description":"Referenzen IT-Projekte seit 20 Jahren mit internationalen Herausforderungen &#8230;. und nach und nach &#8230;. immer mehr BIO! Bike Basics GmbH Full-Service BIO LOGICAL IT Betreuung f\u00fcr die unangefochtene Nummer 1 mit Reise- und Trekkingr\u00e4dern. www.idworx-bikes.de Entwicklung einer Plattform f\u00fcr einen komplexen Produkt-Konfigurator mit Web-Shop und Bezahlm\u00f6glichkeit auf Basis der Prinzipien BIO LOGICAL IT &nbsp; BIO&hellip;","og_url":"https:\/\/www.bio-logical-it.com\/en\/references\/","og_site_name":"Sustainable and Green IT with BIO LOGICAL IT","article_modified_time":"2021-07-26T13:19:38+00:00","og_image":[{"url":"https:\/\/www.bio-logical-it.com\/wp-content\/uploads\/2020\/06\/bikeBasics_logo-200x150.png","type":"","width":"","height":""}],"twitter_card":"summary_large_image","twitter_misc":{"Est. reading time":"1 minute"},"schema":{"@context":"https:\/\/schema.org","@graph":[{"@type":"WebPage","@id":"https:\/\/www.bio-logical-it.com\/en\/references\/","url":"https:\/\/www.bio-logical-it.com\/en\/references\/","name":"References - Sustainable and Green IT with BIO LOGICAL IT","isPartOf":{"@id":"https:\/\/www.bio-logical-it.com\/en\/#website"},"primaryImageOfPage":{"@id":"https:\/\/www.bio-logical-it.com\/en\/references\/#primaryimage"},"image":{"@id":"https:\/\/www.bio-logical-it.com\/en\/references\/#primaryimage"},"thumbnailUrl":"https:\/\/www.bio-logical-it.com\/wp-content\/uploads\/2020\/06\/bikeBasics_logo-200x150.png","datePublished":"2020-06-03T15:47:16+00:00","dateModified":"2021-07-26T13:19:38+00:00","breadcrumb":{"@id":"https:\/\/www.bio-logical-it.com\/en\/references\/#breadcrumb"},"inLanguage":"en-US","potentialAction":[{"@type":"ReadAction","target":["https:\/\/www.bio-logical-it.com\/en\/references\/"]}]},{"@type":"ImageObject","inLanguage":"en-US","@id":"https:\/\/www.bio-logical-it.com\/en\/references\/#primaryimage","url":"https:\/\/www.bio-logical-it.com\/wp-content\/uploads\/2020\/06\/bikeBasics_logo-200x150.png","contentUrl":"https:\/\/www.bio-logical-it.com\/wp-content\/uploads\/2020\/06\/bikeBasics_logo-200x150.png"},{"@type":"BreadcrumbList","@id":"https:\/\/www.bio-logical-it.com\/en\/references\/#breadcrumb","itemListElement":[{"@type":"ListItem","position":1,"name":"Start","item":"https:\/\/www.bio-logical-it.com\/en\/homepage\/"},{"@type":"ListItem","position":2,"name":"References"}]},{"@type":"WebSite","@id":"https:\/\/www.bio-logical-it.com\/en\/#website","url":"https:\/\/www.bio-logical-it.com\/en\/","name":"Sustainable and Green IT with BIO LOGICAL IT","description":"Sustainable and Green IT with BIO LOGICAL IT","publisher":{"@id":"https:\/\/www.bio-logical-it.com\/en\/#organization"},"potentialAction":[{"@type":"SearchAction","target":{"@type":"EntryPoint","urlTemplate":"https:\/\/www.bio-logical-it.com\/en\/?s={search_term_string}"},"query-input":{"@type":"PropertyValueSpecification","valueRequired":true,"valueName":"search_term_string"}}],"inLanguage":"en-US"},{"@type":"Organization","@id":"https:\/\/www.bio-logical-it.com\/en\/#organization","name":"Gaastra GmbH","url":"https:\/\/www.bio-logical-it.com\/en\/","logo":{"@type":"ImageObject","inLanguage":"en-US","@id":"https:\/\/www.bio-logical-it.com\/en\/#\/schema\/logo\/image\/","url":"","contentUrl":"","caption":"Gaastra GmbH"},"image":{"@id":"https:\/\/www.bio-logical-it.com\/en\/#\/schema\/logo\/image\/"}}]}},"_links":{"self":[{"href":"https:\/\/www.bio-logical-it.com\/en\/wp-json\/wp\/v2\/pages\/681","targetHints":{"allow":["GET"]}}],"collection":[{"href":"https:\/\/www.bio-logical-it.com\/en\/wp-json\/wp\/v2\/pages"}],"about":[{"href":"https:\/\/www.bio-logical-it.com\/en\/wp-json\/wp\/v2\/types\/page"}],"author":[{"embeddable":true,"href":"https:\/\/www.bio-logical-it.com\/en\/wp-json\/wp\/v2\/users\/1"}],"replies":[{"embeddable":true,"href":"https:\/\/www.bio-logical-it.com\/en\/wp-json\/wp\/v2\/comments?post=681"}],"version-history":[{"count":0,"href":"https:\/\/www.bio-logical-it.com\/en\/wp-json\/wp\/v2\/pages\/681\/revisions"}],"wp:attachment":[{"href":"https:\/\/www.bio-logical-it.com\/en\/wp-json\/wp\/v2\/media?parent=681"}],"curies":[{"name":"wp","href":"https:\/\/api.w.org\/{rel}","templated":true}]}}